{"id":97,"date":"2024-07-18T12:37:26","date_gmt":"2024-07-18T12:37:26","guid":{"rendered":"https:\/\/cevsi791.mywhc.ca\/?post_type=product&#038;p=97"},"modified":"2024-11-01T21:17:11","modified_gmt":"2024-11-01T21:17:11","slug":"multigrains-7-grains","status":"publish","type":"product","link":"https:\/\/inewa.ca\/fr\/product\/multigrains-7-grains\/","title":{"rendered":"Multigrains 7 Grains"},"content":{"rendered":"<p>Tombez sous le charme de notre pain 7 grains de notre gamme \u00abgrain de la <strong>Boulangerie In\u00e9wa<\/strong>\u00bb, aussi go\u00fbteux que nutritif. Source \u00e9lev\u00e9e de fibres, les divers grains ajoutent de la texture et de la saveur au pain, si bien que chaque portion sont aussi une source de plaisir pour les papilles. Un \u00e9l\u00e9ment cl\u00e9 dans la choix d&rsquo;un bon pain. Fait \u00e0 base de farines et de flocons de bl\u00e9, de seigle et d&rsquo;orge canadiens et biologiques.<\/p>\n","protected":false},"excerpt":{"rendered":"<p><strong>Gram:<\/strong> 500g<\/p>\n<p>Tombez sous le charme de notre pain 7 grains de notre gamme \u00abgrain de la <strong>Boulangerie In\u00e9wa<\/strong>\u00bb, aussi go\u00fbteux que nutritif. Source \u00e9lev\u00e9e de fibres, les divers grains ajoutent de la texture et de la saveur au pain, si bien que chaque portion sont aussi une source de plaisir pour les papilles. Un \u00e9l\u00e9ment cl\u00e9 dans la choix d&rsquo;un bon pain. Fait \u00e0 base de farines et de flocons de bl\u00e9, de seigle et d&rsquo;orge canadiens et biologiques.<\/p>\n","protected":false},"featured_media":2351,"comment_status":"closed","ping_status":"closed","template":"","meta":{"_acf_changed":false,"site-sidebar-layout":"default","site-content-layout":"","ast-site-content-layout":"default","site-content-style":"default","site-sidebar-style":"default","ast-global-header-display":"","ast-banner-title-visibility":"","ast-main-header-display":"","ast-hfb-above-header-display":"","ast-hfb-below-header-display":"","ast-hfb-mobile-header-display":"","site-post-title":"","ast-breadcrumbs-content":"","ast-featured-img":"","footer-sml-layout":"","theme-transparent-header-meta":"default","adv-header-id-meta":"","stick-header-meta":"","header-above-stick-meta":"","header-main-stick-meta":"","header-below-stick-meta":"","astra-migrate-meta-layouts":"set","ast-page-background-enabled":"default","ast-page-background-meta":{"desktop":{"background-color":"var(--ast-global-color-4)","background-image":"","background-repeat":"repeat","background-position":"center center","background-size":"auto","background-attachment":"scroll","background-type":"","background-media":"","overlay-type":"","overlay-color":"","overlay-opacity":"","overlay-gradient":""},"tablet":{"background-color":"","background-image":"","background-repeat":"repeat","background-position":"center center","background-size":"auto","background-attachment":"scroll","background-type":"","background-media":"","overlay-type":"","overlay-color":"","overlay-opacity":"","overlay-gradient":""},"mobile":{"background-color":"","background-image":"","background-repeat":"repeat","background-position":"center center","background-size":"auto","background-attachment":"scroll","background-type":"","background-media":"","overlay-type":"","overlay-color":"","overlay-opacity":"","overlay-gradient":""}},"ast-content-background-meta":{"desktop":{"background-color":"var(--ast-global-color-5)","background-image":"","background-repeat":"repeat","background-position":"center center","background-size":"auto","background-attachment":"scroll","background-type":"","background-media":"","overlay-type":"","overlay-color":"","overlay-opacity":"","overlay-gradient":""},"tablet":{"background-color":"var(--ast-global-color-5)","background-image":"","background-repeat":"repeat","background-position":"center center","background-size":"auto","background-attachment":"scroll","background-type":"","background-media":"","overlay-type":"","overlay-color":"","overlay-opacity":"","overlay-gradient":""},"mobile":{"background-color":"var(--ast-global-color-5)","background-image":"","background-repeat":"repeat","background-position":"center center","background-size":"auto","background-attachment":"scroll","background-type":"","background-media":"","overlay-type":"","overlay-color":"","overlay-opacity":"","overlay-gradient":""}}},"product_brand":[],"product_cat":[20],"product_tag":[],"class_list":{"0":"post-97","1":"product","2":"type-product","3":"status-publish","4":"has-post-thumbnail","6":"product_cat-grains","7":"desktop-align-left","8":"tablet-align-left","9":"mobile-align-left","11":"first","12":"instock","13":"shipping-taxable","14":"product-type-simple"},"acf":[],"_links":{"self":[{"href":"https:\/\/inewa.ca\/fr\/wp-json\/wp\/v2\/product\/97","targetHints":{"allow":["GET"]}}],"collection":[{"href":"https:\/\/inewa.ca\/fr\/wp-json\/wp\/v2\/product"}],"about":[{"href":"https:\/\/inewa.ca\/fr\/wp-json\/wp\/v2\/types\/product"}],"replies":[{"embeddable":true,"href":"https:\/\/inewa.ca\/fr\/wp-json\/wp\/v2\/comments?post=97"}],"wp:featuredmedia":[{"embeddable":true,"href":"https:\/\/inewa.ca\/fr\/wp-json\/wp\/v2\/media\/2351"}],"wp:attachment":[{"href":"https:\/\/inewa.ca\/fr\/wp-json\/wp\/v2\/media?parent=97"}],"wp:term":[{"taxonomy":"product_brand","embeddable":true,"href":"https:\/\/inewa.ca\/fr\/wp-json\/wp\/v2\/product_brand?post=97"},{"taxonomy":"product_cat","embeddable":true,"href":"https:\/\/inewa.ca\/fr\/wp-json\/wp\/v2\/product_cat?post=97"},{"taxonomy":"product_tag","embeddable":true,"href":"https:\/\/inewa.ca\/fr\/wp-json\/wp\/v2\/product_tag?post=97"}],"curies":[{"name":"wp","href":"https:\/\/api.w.org\/{rel}","templated":true}]}}