{"id":86,"date":"2024-07-18T12:24:33","date_gmt":"2024-07-18T12:24:33","guid":{"rendered":"https:\/\/cevsi791.mywhc.ca\/?post_type=product&#038;p=86"},"modified":"2024-11-01T21:22:40","modified_gmt":"2024-11-01T21:22:40","slug":"pains-aux-raisins","status":"publish","type":"product","link":"https:\/\/inewa.ca\/fr\/product\/pains-aux-raisins\/","title":{"rendered":"Pains aux Raisins"},"content":{"rendered":"<p>Faites rimer plaisir et bien-\u00eatre avec notre pain aux raisin de notre gamme \u00abvie active de la <strong>Boulangerie In\u00e9wa<\/strong>\u00bb! \u00c0 base de Kamut<sup>\u00ae<\/sup>, une vari\u00e9t\u00e9 de bl\u00e9 ancien dont la marque certifie que le grain est biologique et sans croisement avec du bl\u00e9 moderne ni modification g\u00e9n\u00e9tique, il r\u00e9jouit \u00e0 tout coup les amoureux de pain aux raisins. Fait \u00e0 base de farine de Kamut<sup>\u00ae <\/sup>canadien et biologique.<\/p>\n","protected":false},"excerpt":{"rendered":"<p><strong>Gram:<\/strong> 550g<\/p>\n<p>Faites rimer plaisir et bien-\u00eatre avec notre pain aux raisin de notre gamme \u00abvie active de la <strong>Boulangerie In\u00e9wa<\/strong>\u00bb! \u00c0 base de Kamut<sup>\u00ae<\/sup>, une vari\u00e9t\u00e9 de bl\u00e9 ancien dont la marque certifie que le grain est biologique et sans croisement avec du bl\u00e9 moderne ni modification g\u00e9n\u00e9tique, il r\u00e9jouit \u00e0 tout coup les amoureux de pain aux raisins. Fait \u00e0 base de farine de Kamut<sup>\u00ae <\/sup>canadien et biologique.<\/p>\n","protected":false},"featured_media":1762,"comment_status":"closed","ping_status":"closed","template":"","meta":{"_acf_changed":false,"site-sidebar-layout":"default","site-content-layout":"","ast-site-content-layout":"default","site-content-style":"default","site-sidebar-style":"default","ast-global-header-display":"","ast-banner-title-visibility":"","ast-main-header-display":"","ast-hfb-above-header-display":"","ast-hfb-below-header-display":"","ast-hfb-mobile-header-display":"","site-post-title":"","ast-breadcrumbs-content":"","ast-featured-img":"","footer-sml-layout":"","theme-transparent-header-meta":"default","adv-header-id-meta":"","stick-header-meta":"","header-above-stick-meta":"","header-main-stick-meta":"","header-below-stick-meta":"","astra-migrate-meta-layouts":"set","ast-page-background-enabled":"default","ast-page-background-meta":{"desktop":{"background-color":"var(--ast-global-color-4)","background-image":"","background-repeat":"repeat","background-position":"center center","background-size":"auto","background-attachment":"scroll","background-type":"","background-media":"","overlay-type":"","overlay-color":"","overlay-opacity":"","overlay-gradient":""},"tablet":{"background-color":"","background-image":"","background-repeat":"repeat","background-position":"center center","background-size":"auto","background-attachment":"scroll","background-type":"","background-media":"","overlay-type":"","overlay-color":"","overlay-opacity":"","overlay-gradient":""},"mobile":{"background-color":"","background-image":"","background-repeat":"repeat","background-position":"center center","background-size":"auto","background-attachment":"scroll","background-type":"","background-media":"","overlay-type":"","overlay-color":"","overlay-opacity":"","overlay-gradient":""}},"ast-content-background-meta":{"desktop":{"background-color":"var(--ast-global-color-5)","background-image":"","background-repeat":"repeat","background-position":"center center","background-size":"auto","background-attachment":"scroll","background-type":"","background-media":"","overlay-type":"","overlay-color":"","overlay-opacity":"","overlay-gradient":""},"tablet":{"background-color":"var(--ast-global-color-5)","background-image":"","background-repeat":"repeat","background-position":"center center","background-size":"auto","background-attachment":"scroll","background-type":"","background-media":"","overlay-type":"","overlay-color":"","overlay-opacity":"","overlay-gradient":""},"mobile":{"background-color":"var(--ast-global-color-5)","background-image":"","background-repeat":"repeat","background-position":"center center","background-size":"auto","background-attachment":"scroll","background-type":"","background-media":"","overlay-type":"","overlay-color":"","overlay-opacity":"","overlay-gradient":""}}},"product_brand":[],"product_cat":[18],"product_tag":[],"class_list":{"0":"post-86","1":"product","2":"type-product","3":"status-publish","4":"has-post-thumbnail","6":"product_cat-vie-active","7":"desktop-align-left","8":"tablet-align-left","9":"mobile-align-left","11":"first","12":"instock","13":"shipping-taxable","14":"product-type-simple"},"acf":[],"_links":{"self":[{"href":"https:\/\/inewa.ca\/fr\/wp-json\/wp\/v2\/product\/86","targetHints":{"allow":["GET"]}}],"collection":[{"href":"https:\/\/inewa.ca\/fr\/wp-json\/wp\/v2\/product"}],"about":[{"href":"https:\/\/inewa.ca\/fr\/wp-json\/wp\/v2\/types\/product"}],"replies":[{"embeddable":true,"href":"https:\/\/inewa.ca\/fr\/wp-json\/wp\/v2\/comments?post=86"}],"wp:featuredmedia":[{"embeddable":true,"href":"https:\/\/inewa.ca\/fr\/wp-json\/wp\/v2\/media\/1762"}],"wp:attachment":[{"href":"https:\/\/inewa.ca\/fr\/wp-json\/wp\/v2\/media?parent=86"}],"wp:term":[{"taxonomy":"product_brand","embeddable":true,"href":"https:\/\/inewa.ca\/fr\/wp-json\/wp\/v2\/product_brand?post=86"},{"taxonomy":"product_cat","embeddable":true,"href":"https:\/\/inewa.ca\/fr\/wp-json\/wp\/v2\/product_cat?post=86"},{"taxonomy":"product_tag","embeddable":true,"href":"https:\/\/inewa.ca\/fr\/wp-json\/wp\/v2\/product_tag?post=86"}],"curies":[{"name":"wp","href":"https:\/\/api.w.org\/{rel}","templated":true}]}}