{"id":83,"date":"2024-07-18T12:14:25","date_gmt":"2024-07-18T12:14:25","guid":{"rendered":"https:\/\/cevsi791.mywhc.ca\/?post_type=product&#038;p=83"},"modified":"2025-07-24T10:56:39","modified_gmt":"2025-07-24T14:56:39","slug":"sandwich-prebiotique","status":"publish","type":"product","link":"https:\/\/inewa.ca\/fr\/product\/sandwich-prebiotique\/","title":{"rendered":"Sandwich Pr\u00e9biotique"},"content":{"rendered":"<p>R\u00e9galez-vous avec ce pain, de notre gamme \u00abvie active de la <strong>Boulangerie In\u00e9wa<\/strong>\u00bb, \u00e0 la fois moelleux et nourrissant. \u00c0 base de farine blanche et enti\u00e8re de KAMUT<sup>\u00ae<\/sup>, il est une bonne source de fibres. De plus, cette marque d\u00e9pos\u00e9 certifie que ce grain de bl\u00e9 ancien, de vari\u00e9t\u00e9 khorassan, est biologique et sans croisement avec du bl\u00e9 moderne ni modification g\u00e9n\u00e9tique. Fait \u00e0 base de farine de KAMUT<sup>\u00ae <\/sup>canadien et biologique.<\/p>\n","protected":false},"excerpt":{"rendered":"<p><strong>Gram:<\/strong> 630g<\/p>\n<p>R\u00e9galez-vous avec ce pain, de notre gamme \u00abvie active de la <strong>Boulangerie In\u00e9wa<\/strong>\u00bb, \u00e0 la fois moelleux et nourrissant. \u00c0 base de farine blanche et enti\u00e8re de KAMUT<sup>\u00ae<\/sup>, il est une bonne source de fibres. De plus, cette marque d\u00e9pos\u00e9 certifie que ce grain de bl\u00e9 ancien, de vari\u00e9t\u00e9 khorassan, est biologique et sans croisement avec du bl\u00e9 moderne ni modification g\u00e9n\u00e9tique. Fait \u00e0 base de farine de KAMUT<sup>\u00ae <\/sup>canadien et biologique.<\/p>\n","protected":false},"featured_media":1765,"comment_status":"closed","ping_status":"closed","template":"","meta":{"_acf_changed":false,"site-sidebar-layout":"default","site-content-layout":"","ast-site-content-layout":"default","site-content-style":"default","site-sidebar-style":"default","ast-global-header-display":"","ast-banner-title-visibility":"","ast-main-header-display":"","ast-hfb-above-header-display":"","ast-hfb-below-header-display":"","ast-hfb-mobile-header-display":"","site-post-title":"","ast-breadcrumbs-content":"","ast-featured-img":"","footer-sml-layout":"","theme-transparent-header-meta":"default","adv-header-id-meta":"","stick-header-meta":"","header-above-stick-meta":"","header-main-stick-meta":"","header-below-stick-meta":"","astra-migrate-meta-layouts":"set","ast-page-background-enabled":"default","ast-page-background-meta":{"desktop":{"background-color":"var(--ast-global-color-4)","background-image":"","background-repeat":"repeat","background-position":"center center","background-size":"auto","background-attachment":"scroll","background-type":"","background-media":"","overlay-type":"","overlay-color":"","overlay-opacity":"","overlay-gradient":""},"tablet":{"background-color":"","background-image":"","background-repeat":"repeat","background-position":"center center","background-size":"auto","background-attachment":"scroll","background-type":"","background-media":"","overlay-type":"","overlay-color":"","overlay-opacity":"","overlay-gradient":""},"mobile":{"background-color":"","background-image":"","background-repeat":"repeat","background-position":"center center","background-size":"auto","background-attachment":"scroll","background-type":"","background-media":"","overlay-type":"","overlay-color":"","overlay-opacity":"","overlay-gradient":""}},"ast-content-background-meta":{"desktop":{"background-color":"var(--ast-global-color-5)","background-image":"","background-repeat":"repeat","background-position":"center center","background-size":"auto","background-attachment":"scroll","background-type":"","background-media":"","overlay-type":"","overlay-color":"","overlay-opacity":"","overlay-gradient":""},"tablet":{"background-color":"var(--ast-global-color-5)","background-image":"","background-repeat":"repeat","background-position":"center center","background-size":"auto","background-attachment":"scroll","background-type":"","background-media":"","overlay-type":"","overlay-color":"","overlay-opacity":"","overlay-gradient":""},"mobile":{"background-color":"var(--ast-global-color-5)","background-image":"","background-repeat":"repeat","background-position":"center center","background-size":"auto","background-attachment":"scroll","background-type":"","background-media":"","overlay-type":"","overlay-color":"","overlay-opacity":"","overlay-gradient":""}}},"product_brand":[],"product_cat":[18],"product_tag":[],"class_list":{"0":"post-83","1":"product","2":"type-product","3":"status-publish","4":"has-post-thumbnail","6":"product_cat-vie-active","7":"desktop-align-left","8":"tablet-align-left","9":"mobile-align-left","11":"first","12":"instock","13":"shipping-taxable","14":"product-type-simple"},"acf":[],"_links":{"self":[{"href":"https:\/\/inewa.ca\/fr\/wp-json\/wp\/v2\/product\/83","targetHints":{"allow":["GET"]}}],"collection":[{"href":"https:\/\/inewa.ca\/fr\/wp-json\/wp\/v2\/product"}],"about":[{"href":"https:\/\/inewa.ca\/fr\/wp-json\/wp\/v2\/types\/product"}],"replies":[{"embeddable":true,"href":"https:\/\/inewa.ca\/fr\/wp-json\/wp\/v2\/comments?post=83"}],"wp:featuredmedia":[{"embeddable":true,"href":"https:\/\/inewa.ca\/fr\/wp-json\/wp\/v2\/media\/1765"}],"wp:attachment":[{"href":"https:\/\/inewa.ca\/fr\/wp-json\/wp\/v2\/media?parent=83"}],"wp:term":[{"taxonomy":"product_brand","embeddable":true,"href":"https:\/\/inewa.ca\/fr\/wp-json\/wp\/v2\/product_brand?post=83"},{"taxonomy":"product_cat","embeddable":true,"href":"https:\/\/inewa.ca\/fr\/wp-json\/wp\/v2\/product_cat?post=83"},{"taxonomy":"product_tag","embeddable":true,"href":"https:\/\/inewa.ca\/fr\/wp-json\/wp\/v2\/product_tag?post=83"}],"curies":[{"name":"wp","href":"https:\/\/api.w.org\/{rel}","templated":true}]}}