{"id":80,"date":"2024-07-18T12:11:32","date_gmt":"2024-07-18T12:11:32","guid":{"rendered":"https:\/\/cevsi791.mywhc.ca\/?post_type=product&#038;p=80"},"modified":"2024-11-01T21:26:19","modified_gmt":"2024-11-01T21:26:19","slug":"epautre-et-sarrasin","status":"publish","type":"product","link":"https:\/\/inewa.ca\/fr\/product\/epautre-et-sarrasin\/","title":{"rendered":"\u00c9peautre &#038; Sarrasin"},"content":{"rendered":"<p>La recette parfaite de ce pain certifi\u00e9 \u00ab faible en <a href=\"https:\/\/inewa.ca\/quest-ce-que-les-fodmaps\/\">FODMAP<\/a> \u00bb, de notre gamme \u00abint\u00e9gral de la <strong>Boulangerie In\u00e9wa<\/strong>\u00bb, comprend de la farine d&rsquo;\u00e9peautre int\u00e9grale, du sarrasin &#8211; une c\u00e9r\u00e9ale sans gluten &#8211; et du levain. De quoi plaire aux amoureux de bons pains, atteints du syndrome du c\u00f4lon irritable (SCI). Les <a href=\"https:\/\/inewa.ca\/quest-ce-que-les-fodmaps\/\">FODMAP<\/a>s sont des types de glucides (sucres) que certaines personnes ont du mal \u00e0 dig\u00e9rer. Fait \u00e0 base de farines d&rsquo;\u00e9peautre et de sarrasin canadiens et biologiques.<\/p>\n","protected":false},"excerpt":{"rendered":"<p><strong>Gram:<\/strong> 550g<\/p>\n<p>La recette parfaite de ce pain certifi\u00e9 \u00abfaible en <a href=\"https:\/\/inewa.ca\/quest-ce-que-les-fodmaps\/\">FODMAP<\/a>\u00bb, de notre gamme \u00abint\u00e9gral de la <strong>Boulangerie In\u00e9wa<\/strong>\u00bb, comprend de la farine d&rsquo;\u00e9peautre int\u00e9grale, du sarrasin &#8211; une c\u00e9r\u00e9ale sans gluten &#8211; et du levain. De quoi plaire aux amoureux de bons pains, atteints du syndrome du c\u00f4lon irritable (SCI). Les <a href=\"https:\/\/inewa.ca\/quest-ce-que-les-fodmaps\/\">FODMAP<\/a>s sont des types de glucides (sucres) que certaines personnes ont du mal \u00e0 dig\u00e9rer. Fait \u00e0 base de farines d&rsquo;\u00e9peautre et de sarrasin canadiens et biologiques.<\/p>\n","protected":false},"featured_media":2350,"comment_status":"closed","ping_status":"closed","template":"","meta":{"_acf_changed":false,"site-sidebar-layout":"default","site-content-layout":"","ast-site-content-layout":"default","site-content-style":"default","site-sidebar-style":"default","ast-global-header-display":"","ast-banner-title-visibility":"","ast-main-header-display":"","ast-hfb-above-header-display":"","ast-hfb-below-header-display":"","ast-hfb-mobile-header-display":"","site-post-title":"","ast-breadcrumbs-content":"","ast-featured-img":"","footer-sml-layout":"","theme-transparent-header-meta":"default","adv-header-id-meta":"","stick-header-meta":"","header-above-stick-meta":"","header-main-stick-meta":"","header-below-stick-meta":"","astra-migrate-meta-layouts":"set","ast-page-background-enabled":"default","ast-page-background-meta":{"desktop":{"background-color":"var(--ast-global-color-4)","background-image":"","background-repeat":"repeat","background-position":"center center","background-size":"auto","background-attachment":"scroll","background-type":"","background-media":"","overlay-type":"","overlay-color":"","overlay-opacity":"","overlay-gradient":""},"tablet":{"background-color":"","background-image":"","background-repeat":"repeat","background-position":"center center","background-size":"auto","background-attachment":"scroll","background-type":"","background-media":"","overlay-type":"","overlay-color":"","overlay-opacity":"","overlay-gradient":""},"mobile":{"background-color":"","background-image":"","background-repeat":"repeat","background-position":"center center","background-size":"auto","background-attachment":"scroll","background-type":"","background-media":"","overlay-type":"","overlay-color":"","overlay-opacity":"","overlay-gradient":""}},"ast-content-background-meta":{"desktop":{"background-color":"var(--ast-global-color-5)","background-image":"","background-repeat":"repeat","background-position":"center center","background-size":"auto","background-attachment":"scroll","background-type":"","background-media":"","overlay-type":"","overlay-color":"","overlay-opacity":"","overlay-gradient":""},"tablet":{"background-color":"var(--ast-global-color-5)","background-image":"","background-repeat":"repeat","background-position":"center center","background-size":"auto","background-attachment":"scroll","background-type":"","background-media":"","overlay-type":"","overlay-color":"","overlay-opacity":"","overlay-gradient":""},"mobile":{"background-color":"var(--ast-global-color-5)","background-image":"","background-repeat":"repeat","background-position":"center center","background-size":"auto","background-attachment":"scroll","background-type":"","background-media":"","overlay-type":"","overlay-color":"","overlay-opacity":"","overlay-gradient":""}}},"product_brand":[],"product_cat":[17],"product_tag":[],"class_list":{"0":"post-80","1":"product","2":"type-product","3":"status-publish","4":"has-post-thumbnail","6":"product_cat-integral","7":"desktop-align-left","8":"tablet-align-left","9":"mobile-align-left","11":"first","12":"instock","13":"shipping-taxable","14":"product-type-simple"},"acf":[],"_links":{"self":[{"href":"https:\/\/inewa.ca\/fr\/wp-json\/wp\/v2\/product\/80","targetHints":{"allow":["GET"]}}],"collection":[{"href":"https:\/\/inewa.ca\/fr\/wp-json\/wp\/v2\/product"}],"about":[{"href":"https:\/\/inewa.ca\/fr\/wp-json\/wp\/v2\/types\/product"}],"replies":[{"embeddable":true,"href":"https:\/\/inewa.ca\/fr\/wp-json\/wp\/v2\/comments?post=80"}],"wp:featuredmedia":[{"embeddable":true,"href":"https:\/\/inewa.ca\/fr\/wp-json\/wp\/v2\/media\/2350"}],"wp:attachment":[{"href":"https:\/\/inewa.ca\/fr\/wp-json\/wp\/v2\/media?parent=80"}],"wp:term":[{"taxonomy":"product_brand","embeddable":true,"href":"https:\/\/inewa.ca\/fr\/wp-json\/wp\/v2\/product_brand?post=80"},{"taxonomy":"product_cat","embeddable":true,"href":"https:\/\/inewa.ca\/fr\/wp-json\/wp\/v2\/product_cat?post=80"},{"taxonomy":"product_tag","embeddable":true,"href":"https:\/\/inewa.ca\/fr\/wp-json\/wp\/v2\/product_tag?post=80"}],"curies":[{"name":"wp","href":"https:\/\/api.w.org\/{rel}","templated":true}]}}