{"id":71,"date":"2024-07-18T12:06:56","date_gmt":"2024-07-18T12:06:56","guid":{"rendered":"https:\/\/cevsi791.mywhc.ca\/?post_type=product&#038;p=71"},"modified":"2024-11-01T21:28:50","modified_gmt":"2024-11-01T21:28:50","slug":"sarrasin-chia","status":"publish","type":"product","link":"https:\/\/inewa.ca\/fr\/product\/sarrasin-chia\/","title":{"rendered":"Sarrasin Chia"},"content":{"rendered":"<p>Profitez pleinement de ce trio \u00e9toile : Kamut<sup>\u00ae<\/sup>, sarrasin et chia de notre gamme \u00abint\u00e9gral de la <strong>Boulangerie In\u00e9wa<\/strong>\u00bb. Un grain de bl\u00e9 ancien pour la texture et la saveur qu&rsquo;il conf\u00e8re au pain, une c\u00e9r\u00e9ale naturellement sans gluten et une graine particuli\u00e8rement riche en fibres. Une valeur s\u00fbre pour les adeptes de pains nutritifs. Fait \u00e0 base de farines de Kamut<sup>\u00ae <\/sup>et de sarrasin canadiens et biologiques.<\/p>\n","protected":false},"excerpt":{"rendered":"<p><strong>Gram:<\/strong> 550g<\/p>\n<p>Profitez pleinement de ce trio \u00e9toile : Kamut<sup>\u00ae<\/sup>, sarrasin et chia de notre gamme \u00abint\u00e9gral de la <strong>Boulangerie In\u00e9wa<\/strong>\u00bb. Un grain de bl\u00e9 ancien pour la texture et la saveur qu&rsquo;il conf\u00e8re au pain, une c\u00e9r\u00e9ale naturellement sans gluten et une graine particuli\u00e8rement riche en fibres. Une valeur s\u00fbre pour les adeptes de pains nutritifs. Fait \u00e0 base de farines de Kamut<sup>\u00ae <\/sup>et de sarrasin canadiens et biologiques.<\/p>\n","protected":false},"featured_media":1760,"comment_status":"closed","ping_status":"closed","template":"","meta":{"_acf_changed":false,"site-sidebar-layout":"default","site-content-layout":"","ast-site-content-layout":"default","site-content-style":"default","site-sidebar-style":"default","ast-global-header-display":"","ast-banner-title-visibility":"","ast-main-header-display":"","ast-hfb-above-header-display":"","ast-hfb-below-header-display":"","ast-hfb-mobile-header-display":"","site-post-title":"","ast-breadcrumbs-content":"","ast-featured-img":"","footer-sml-layout":"","theme-transparent-header-meta":"default","adv-header-id-meta":"","stick-header-meta":"","header-above-stick-meta":"","header-main-stick-meta":"","header-below-stick-meta":"","astra-migrate-meta-layouts":"set","ast-page-background-enabled":"default","ast-page-background-meta":{"desktop":{"background-color":"var(--ast-global-color-4)","background-image":"","background-repeat":"repeat","background-position":"center center","background-size":"auto","background-attachment":"scroll","background-type":"","background-media":"","overlay-type":"","overlay-color":"","overlay-opacity":"","overlay-gradient":""},"tablet":{"background-color":"","background-image":"","background-repeat":"repeat","background-position":"center center","background-size":"auto","background-attachment":"scroll","background-type":"","background-media":"","overlay-type":"","overlay-color":"","overlay-opacity":"","overlay-gradient":""},"mobile":{"background-color":"","background-image":"","background-repeat":"repeat","background-position":"center center","background-size":"auto","background-attachment":"scroll","background-type":"","background-media":"","overlay-type":"","overlay-color":"","overlay-opacity":"","overlay-gradient":""}},"ast-content-background-meta":{"desktop":{"background-color":"var(--ast-global-color-5)","background-image":"","background-repeat":"repeat","background-position":"center center","background-size":"auto","background-attachment":"scroll","background-type":"","background-media":"","overlay-type":"","overlay-color":"","overlay-opacity":"","overlay-gradient":""},"tablet":{"background-color":"var(--ast-global-color-5)","background-image":"","background-repeat":"repeat","background-position":"center center","background-size":"auto","background-attachment":"scroll","background-type":"","background-media":"","overlay-type":"","overlay-color":"","overlay-opacity":"","overlay-gradient":""},"mobile":{"background-color":"var(--ast-global-color-5)","background-image":"","background-repeat":"repeat","background-position":"center center","background-size":"auto","background-attachment":"scroll","background-type":"","background-media":"","overlay-type":"","overlay-color":"","overlay-opacity":"","overlay-gradient":""}}},"product_brand":[],"product_cat":[17],"product_tag":[],"class_list":{"0":"post-71","1":"product","2":"type-product","3":"status-publish","4":"has-post-thumbnail","6":"product_cat-integral","7":"desktop-align-left","8":"tablet-align-left","9":"mobile-align-left","11":"first","12":"instock","13":"shipping-taxable","14":"product-type-simple"},"acf":[],"_links":{"self":[{"href":"https:\/\/inewa.ca\/fr\/wp-json\/wp\/v2\/product\/71","targetHints":{"allow":["GET"]}}],"collection":[{"href":"https:\/\/inewa.ca\/fr\/wp-json\/wp\/v2\/product"}],"about":[{"href":"https:\/\/inewa.ca\/fr\/wp-json\/wp\/v2\/types\/product"}],"replies":[{"embeddable":true,"href":"https:\/\/inewa.ca\/fr\/wp-json\/wp\/v2\/comments?post=71"}],"wp:featuredmedia":[{"embeddable":true,"href":"https:\/\/inewa.ca\/fr\/wp-json\/wp\/v2\/media\/1760"}],"wp:attachment":[{"href":"https:\/\/inewa.ca\/fr\/wp-json\/wp\/v2\/media?parent=71"}],"wp:term":[{"taxonomy":"product_brand","embeddable":true,"href":"https:\/\/inewa.ca\/fr\/wp-json\/wp\/v2\/product_brand?post=71"},{"taxonomy":"product_cat","embeddable":true,"href":"https:\/\/inewa.ca\/fr\/wp-json\/wp\/v2\/product_cat?post=71"},{"taxonomy":"product_tag","embeddable":true,"href":"https:\/\/inewa.ca\/fr\/wp-json\/wp\/v2\/product_tag?post=71"}],"curies":[{"name":"wp","href":"https:\/\/api.w.org\/{rel}","templated":true}]}}