{"id":102,"date":"2024-07-18T12:48:50","date_gmt":"2024-07-18T12:48:50","guid":{"rendered":"https:\/\/cevsi791.mywhc.ca\/?post_type=product&#038;p=102"},"modified":"2024-11-01T21:13:51","modified_gmt":"2024-11-01T21:13:51","slug":"bagels-sesame","status":"publish","type":"product","link":"https:\/\/inewa.ca\/fr\/product\/bagels-sesame\/","title":{"rendered":"Bagels S\u00e9same"},"content":{"rendered":"<p>Amoureux de bagels, vous serez conquis par notre gamme \u00abgrain de la <strong>Boulangerie In\u00e9wa<\/strong>\u00bb. G\u00e9n\u00e9reusement garnis de graines de s\u00e9same et incluant de la farine de bl\u00e9 int\u00e9gral, ces bagels sont une excellente source de fibres et de bonheur! Faits \u00e0 base de farine de bl\u00e9 canadien et biologique.<\/p>\n","protected":false},"excerpt":{"rendered":"<p><strong>Gram:<\/strong> 660g<\/p>\n<p>Amoureux de bagels, vous serez conquis par notre gamme \u00abgrain de la <strong>Boulangerie In\u00e9wa<\/strong>\u00bb. G\u00e9n\u00e9reusement garnis de graines de s\u00e9same et incluant de la farine de bl\u00e9 int\u00e9gral, ces bagels sont une excellente source de fibres et de bonheur! Faits \u00e0 base de farine de bl\u00e9 canadien et biologique.<\/p>\n","protected":false},"featured_media":1767,"comment_status":"closed","ping_status":"closed","template":"","meta":{"_acf_changed":false,"site-sidebar-layout":"default","site-content-layout":"","ast-site-content-layout":"default","site-content-style":"default","site-sidebar-style":"default","ast-global-header-display":"","ast-banner-title-visibility":"","ast-main-header-display":"","ast-hfb-above-header-display":"","ast-hfb-below-header-display":"","ast-hfb-mobile-header-display":"","site-post-title":"","ast-breadcrumbs-content":"","ast-featured-img":"","footer-sml-layout":"","theme-transparent-header-meta":"default","adv-header-id-meta":"","stick-header-meta":"","header-above-stick-meta":"","header-main-stick-meta":"","header-below-stick-meta":"","astra-migrate-meta-layouts":"set","ast-page-background-enabled":"default","ast-page-background-meta":{"desktop":{"background-color":"var(--ast-global-color-4)","background-image":"","background-repeat":"repeat","background-position":"center center","background-size":"auto","background-attachment":"scroll","background-type":"","background-media":"","overlay-type":"","overlay-color":"","overlay-opacity":"","overlay-gradient":""},"tablet":{"background-color":"","background-image":"","background-repeat":"repeat","background-position":"center center","background-size":"auto","background-attachment":"scroll","background-type":"","background-media":"","overlay-type":"","overlay-color":"","overlay-opacity":"","overlay-gradient":""},"mobile":{"background-color":"","background-image":"","background-repeat":"repeat","background-position":"center center","background-size":"auto","background-attachment":"scroll","background-type":"","background-media":"","overlay-type":"","overlay-color":"","overlay-opacity":"","overlay-gradient":""}},"ast-content-background-meta":{"desktop":{"background-color":"var(--ast-global-color-5)","background-image":"","background-repeat":"repeat","background-position":"center center","background-size":"auto","background-attachment":"scroll","background-type":"","background-media":"","overlay-type":"","overlay-color":"","overlay-opacity":"","overlay-gradient":""},"tablet":{"background-color":"var(--ast-global-color-5)","background-image":"","background-repeat":"repeat","background-position":"center center","background-size":"auto","background-attachment":"scroll","background-type":"","background-media":"","overlay-type":"","overlay-color":"","overlay-opacity":"","overlay-gradient":""},"mobile":{"background-color":"var(--ast-global-color-5)","background-image":"","background-repeat":"repeat","background-position":"center center","background-size":"auto","background-attachment":"scroll","background-type":"","background-media":"","overlay-type":"","overlay-color":"","overlay-opacity":"","overlay-gradient":""}}},"product_brand":[],"product_cat":[20],"product_tag":[],"class_list":{"0":"post-102","1":"product","2":"type-product","3":"status-publish","4":"has-post-thumbnail","6":"product_cat-grains","7":"desktop-align-left","8":"tablet-align-left","9":"mobile-align-left","11":"first","12":"instock","13":"shipping-taxable","14":"product-type-simple"},"acf":[],"_links":{"self":[{"href":"https:\/\/inewa.ca\/fr\/wp-json\/wp\/v2\/product\/102","targetHints":{"allow":["GET"]}}],"collection":[{"href":"https:\/\/inewa.ca\/fr\/wp-json\/wp\/v2\/product"}],"about":[{"href":"https:\/\/inewa.ca\/fr\/wp-json\/wp\/v2\/types\/product"}],"replies":[{"embeddable":true,"href":"https:\/\/inewa.ca\/fr\/wp-json\/wp\/v2\/comments?post=102"}],"wp:featuredmedia":[{"embeddable":true,"href":"https:\/\/inewa.ca\/fr\/wp-json\/wp\/v2\/media\/1767"}],"wp:attachment":[{"href":"https:\/\/inewa.ca\/fr\/wp-json\/wp\/v2\/media?parent=102"}],"wp:term":[{"taxonomy":"product_brand","embeddable":true,"href":"https:\/\/inewa.ca\/fr\/wp-json\/wp\/v2\/product_brand?post=102"},{"taxonomy":"product_cat","embeddable":true,"href":"https:\/\/inewa.ca\/fr\/wp-json\/wp\/v2\/product_cat?post=102"},{"taxonomy":"product_tag","embeddable":true,"href":"https:\/\/inewa.ca\/fr\/wp-json\/wp\/v2\/product_tag?post=102"}],"curies":[{"name":"wp","href":"https:\/\/api.w.org\/{rel}","templated":true}]}}