{"id":56,"date":"2024-07-18T11:59:59","date_gmt":"2024-07-18T11:59:59","guid":{"rendered":"https:\/\/cevsi791.mywhc.ca\/?post_type=product&#038;p=56"},"modified":"2025-07-24T10:55:24","modified_gmt":"2025-07-24T14:55:24","slug":"mais-avec-millet","status":"publish","type":"product","link":"https:\/\/inewa.ca\/en\/product\/mais-avec-millet\/","title":{"rendered":"Corn with Millet"},"content":{"rendered":"<p>Profitez pleinement de ce premier trio \u00e0 base de ma\u00efs, millet et KAMUT<sup>\u00ae <\/sup>de notre gamme \u00abint\u00e9gral de la <strong>Boulangerie In\u00e9wa<\/strong>\u00bb. Ce grain ancien certifi\u00e9, est biologique et sans croisement avec du bl\u00e9 moderne ni modification g\u00e9n\u00e9tique. Il contient donc du gluten, mais sous une forme diff\u00e9rente de celle du bl\u00e9 moderne. Combin\u00e9 au ma\u00efs et au millet, deux c\u00e9r\u00e9ales naturellement sans gluten, ce pain contient moins de gluten que le pain au bl\u00e9. Fait \u00e0 base de farine de KAMUT<sup>\u00ae<\/sup>et de millet canadiens et biologiques et de farine de millet biologiques.<\/p>","protected":false},"excerpt":{"rendered":"<p><strong>Weight:<\/strong> 500g<\/p>\n<p>Profitez pleinement de ce premier trio \u00e0 base de ma\u00efs, millet et KAMUT<sup>\u00ae<\/sup>\u00a0de notre gamme \u00abint\u00e9gral de la <strong>Boulangerie In\u00e9wa<\/strong>\u00bb. Ce grain ancien certifi\u00e9, est biologique et sans croisement avec du bl\u00e9 moderne ni modification g\u00e9n\u00e9tique. Il contient donc du gluten, mais sous une forme diff\u00e9rente de celle du bl\u00e9 moderne. Combin\u00e9 au ma\u00efs et au millet, deux c\u00e9r\u00e9ales naturellement sans gluten, ce pain contient moins de gluten que le pain au bl\u00e9. Fait \u00e0 base de farine de KAMUT<sup>\u00ae <\/sup>et de millet canadiens et biologiques et de farine de millet biologiques.<\/p>","protected":false},"featured_media":2318,"comment_status":"closed","ping_status":"closed","template":"","meta":{"_acf_changed":false,"site-sidebar-layout":"default","site-content-layout":"","ast-site-content-layout":"default","site-content-style":"default","site-sidebar-style":"default","ast-global-header-display":"","ast-banner-title-visibility":"","ast-main-header-display":"","ast-hfb-above-header-display":"","ast-hfb-below-header-display":"","ast-hfb-mobile-header-display":"","site-post-title":"","ast-breadcrumbs-content":"","ast-featured-img":"","footer-sml-layout":"","theme-transparent-header-meta":"default","adv-header-id-meta":"","stick-header-meta":"","header-above-stick-meta":"","header-main-stick-meta":"","header-below-stick-meta":"","astra-migrate-meta-layouts":"set","ast-page-background-enabled":"default","ast-page-background-meta":{"desktop":{"background-color":"var(--ast-global-color-4)","background-image":"","background-repeat":"repeat","background-position":"center center","background-size":"auto","background-attachment":"scroll","background-type":"","background-media":"","overlay-type":"","overlay-color":"","overlay-opacity":"","overlay-gradient":""},"tablet":{"background-color":"","background-image":"","background-repeat":"repeat","background-position":"center center","background-size":"auto","background-attachment":"scroll","background-type":"","background-media":"","overlay-type":"","overlay-color":"","overlay-opacity":"","overlay-gradient":""},"mobile":{"background-color":"","background-image":"","background-repeat":"repeat","background-position":"center center","background-size":"auto","background-attachment":"scroll","background-type":"","background-media":"","overlay-type":"","overlay-color":"","overlay-opacity":"","overlay-gradient":""}},"ast-content-background-meta":{"desktop":{"background-color":"var(--ast-global-color-5)","background-image":"","background-repeat":"repeat","background-position":"center center","background-size":"auto","background-attachment":"scroll","background-type":"","background-media":"","overlay-type":"","overlay-color":"","overlay-opacity":"","overlay-gradient":""},"tablet":{"background-color":"var(--ast-global-color-5)","background-image":"","background-repeat":"repeat","background-position":"center center","background-size":"auto","background-attachment":"scroll","background-type":"","background-media":"","overlay-type":"","overlay-color":"","overlay-opacity":"","overlay-gradient":""},"mobile":{"background-color":"var(--ast-global-color-5)","background-image":"","background-repeat":"repeat","background-position":"center center","background-size":"auto","background-attachment":"scroll","background-type":"","background-media":"","overlay-type":"","overlay-color":"","overlay-opacity":"","overlay-gradient":""}}},"product_brand":[],"product_cat":[16],"product_tag":[],"class_list":{"0":"post-56","1":"product","2":"type-product","3":"status-publish","4":"has-post-thumbnail","6":"product_cat-kamut","7":"desktop-align-left","8":"tablet-align-left","9":"mobile-align-left","11":"first","12":"instock","13":"shipping-taxable","14":"product-type-simple"},"acf":[],"_links":{"self":[{"href":"https:\/\/inewa.ca\/en\/wp-json\/wp\/v2\/product\/56","targetHints":{"allow":["GET"]}}],"collection":[{"href":"https:\/\/inewa.ca\/en\/wp-json\/wp\/v2\/product"}],"about":[{"href":"https:\/\/inewa.ca\/en\/wp-json\/wp\/v2\/types\/product"}],"replies":[{"embeddable":true,"href":"https:\/\/inewa.ca\/en\/wp-json\/wp\/v2\/comments?post=56"}],"wp:featuredmedia":[{"embeddable":true,"href":"https:\/\/inewa.ca\/en\/wp-json\/wp\/v2\/media\/2318"}],"wp:attachment":[{"href":"https:\/\/inewa.ca\/en\/wp-json\/wp\/v2\/media?parent=56"}],"wp:term":[{"taxonomy":"product_brand","embeddable":true,"href":"https:\/\/inewa.ca\/en\/wp-json\/wp\/v2\/product_brand?post=56"},{"taxonomy":"product_cat","embeddable":true,"href":"https:\/\/inewa.ca\/en\/wp-json\/wp\/v2\/product_cat?post=56"},{"taxonomy":"product_tag","embeddable":true,"href":"https:\/\/inewa.ca\/en\/wp-json\/wp\/v2\/product_tag?post=56"}],"curies":[{"name":"wp","href":"https:\/\/api.w.org\/{rel}","templated":true}]}}