{"id":48,"date":"2024-07-18T11:48:53","date_gmt":"2024-07-18T11:48:53","guid":{"rendered":"https:\/\/cevsi791.mywhc.ca\/?post_type=product&#038;p=48"},"modified":"2025-07-24T10:57:56","modified_gmt":"2025-07-24T14:57:56","slug":"pain-hamburger","status":"publish","type":"product","link":"https:\/\/inewa.ca\/en\/product\/pain-hamburger\/","title":{"rendered":"Hamburger Breads"},"content":{"rendered":"<p>D\u00e9gustez ce pain hamburger brioch\u00e9 avec app\u00e9tit! Moelleux \u00e0 souhait, il demeure une source de fibres et contient les m\u00eames propri\u00e9t\u00e9s nutritives que le pain brioch\u00e9 au KAMUT<sup>\u00ae <\/sup>de notre gamme \u00abKAMUT<sup>\u00ae <\/sup>de la <strong>Boulangerie In\u00e9wa<\/strong>\u00bb. Parfait pour les hamburgers, mais aussi pour les sandwichs d\u00e9jeuner et diner.<br \/>\nFait \u00e0 base de farine de KAMUT<sup>\u00ae <\/sup>Combine pleasure and well-being with our grape bread from our \u201cBoulangerie In\u00e9wa active life\u201d range! Made with Kamut\u00ae, an ancient wheat variety certified organic by the brand, and without crossbreeding with modern wheat or genetic modification, it's sure to delight raisin bread lovers. Made with organic Canadian Kamut\u00ae flour.<\/p>","protected":false},"excerpt":{"rendered":"<p><strong>Weight:<\/strong> 500g<\/p>\n<p>D\u00e9gustez ce pain hamburger brioch\u00e9 avec app\u00e9tit! Moelleux \u00e0 souhait, il demeure une source de fibres et contient les m\u00eames propri\u00e9t\u00e9s nutritives que le pain brioch\u00e9 au KAMUT<sup>\u00ae <\/sup>de notre gamme \u00abKAMUT<sup>\u00ae <\/sup>de la <strong>Boulangerie In\u00e9wa<\/strong>\u00bb. Parfait pour les hamburgers, mais aussi pour les sandwichs d\u00e9jeuner et diner.<br \/>\nFait \u00e0 base de farine de KAMUT<sup>\u00ae <\/sup>Combine pleasure and well-being with our grape bread from our \u201cBoulangerie In\u00e9wa active life\u201d range! Made with Kamut\u00ae, an ancient wheat variety certified organic by the brand, and without crossbreeding with modern wheat or genetic modification, it's sure to delight raisin bread lovers. Made with organic Canadian Kamut\u00ae flour.<\/p>","protected":false},"featured_media":1772,"comment_status":"closed","ping_status":"closed","template":"","meta":{"_acf_changed":false,"site-sidebar-layout":"default","site-content-layout":"","ast-site-content-layout":"default","site-content-style":"default","site-sidebar-style":"default","ast-global-header-display":"","ast-banner-title-visibility":"","ast-main-header-display":"","ast-hfb-above-header-display":"","ast-hfb-below-header-display":"","ast-hfb-mobile-header-display":"","site-post-title":"","ast-breadcrumbs-content":"","ast-featured-img":"","footer-sml-layout":"","theme-transparent-header-meta":"default","adv-header-id-meta":"","stick-header-meta":"","header-above-stick-meta":"","header-main-stick-meta":"","header-below-stick-meta":"","astra-migrate-meta-layouts":"set","ast-page-background-enabled":"default","ast-page-background-meta":{"desktop":{"background-color":"var(--ast-global-color-4)","background-image":"","background-repeat":"repeat","background-position":"center center","background-size":"auto","background-attachment":"scroll","background-type":"","background-media":"","overlay-type":"","overlay-color":"","overlay-opacity":"","overlay-gradient":""},"tablet":{"background-color":"","background-image":"","background-repeat":"repeat","background-position":"center center","background-size":"auto","background-attachment":"scroll","background-type":"","background-media":"","overlay-type":"","overlay-color":"","overlay-opacity":"","overlay-gradient":""},"mobile":{"background-color":"","background-image":"","background-repeat":"repeat","background-position":"center center","background-size":"auto","background-attachment":"scroll","background-type":"","background-media":"","overlay-type":"","overlay-color":"","overlay-opacity":"","overlay-gradient":""}},"ast-content-background-meta":{"desktop":{"background-color":"var(--ast-global-color-5)","background-image":"","background-repeat":"repeat","background-position":"center center","background-size":"auto","background-attachment":"scroll","background-type":"","background-media":"","overlay-type":"","overlay-color":"","overlay-opacity":"","overlay-gradient":""},"tablet":{"background-color":"var(--ast-global-color-5)","background-image":"","background-repeat":"repeat","background-position":"center center","background-size":"auto","background-attachment":"scroll","background-type":"","background-media":"","overlay-type":"","overlay-color":"","overlay-opacity":"","overlay-gradient":""},"mobile":{"background-color":"var(--ast-global-color-5)","background-image":"","background-repeat":"repeat","background-position":"center center","background-size":"auto","background-attachment":"scroll","background-type":"","background-media":"","overlay-type":"","overlay-color":"","overlay-opacity":"","overlay-gradient":""}}},"product_brand":[],"product_cat":[16],"product_tag":[],"class_list":{"0":"post-48","1":"product","2":"type-product","3":"status-publish","4":"has-post-thumbnail","6":"product_cat-kamut","7":"desktop-align-left","8":"tablet-align-left","9":"mobile-align-left","11":"first","12":"instock","13":"shipping-taxable","14":"product-type-simple"},"acf":[],"_links":{"self":[{"href":"https:\/\/inewa.ca\/en\/wp-json\/wp\/v2\/product\/48","targetHints":{"allow":["GET"]}}],"collection":[{"href":"https:\/\/inewa.ca\/en\/wp-json\/wp\/v2\/product"}],"about":[{"href":"https:\/\/inewa.ca\/en\/wp-json\/wp\/v2\/types\/product"}],"replies":[{"embeddable":true,"href":"https:\/\/inewa.ca\/en\/wp-json\/wp\/v2\/comments?post=48"}],"wp:featuredmedia":[{"embeddable":true,"href":"https:\/\/inewa.ca\/en\/wp-json\/wp\/v2\/media\/1772"}],"wp:attachment":[{"href":"https:\/\/inewa.ca\/en\/wp-json\/wp\/v2\/media?parent=48"}],"wp:term":[{"taxonomy":"product_brand","embeddable":true,"href":"https:\/\/inewa.ca\/en\/wp-json\/wp\/v2\/product_brand?post=48"},{"taxonomy":"product_cat","embeddable":true,"href":"https:\/\/inewa.ca\/en\/wp-json\/wp\/v2\/product_cat?post=48"},{"taxonomy":"product_tag","embeddable":true,"href":"https:\/\/inewa.ca\/en\/wp-json\/wp\/v2\/product_tag?post=48"}],"curies":[{"name":"wp","href":"https:\/\/api.w.org\/{rel}","templated":true}]}}