{"id":16,"date":"2024-07-18T11:25:11","date_gmt":"2024-07-18T11:25:11","guid":{"rendered":"https:\/\/cevsi791.mywhc.ca\/?post_type=product&#038;p=16"},"modified":"2025-07-24T11:01:02","modified_gmt":"2025-07-24T15:01:02","slug":"pain-brioche","status":"publish","type":"product","link":"https:\/\/inewa.ca\/en\/product\/pain-brioche\/","title":{"rendered":"\"Brioch\u00e9\" Bread"},"content":{"rendered":"<p>Go\u00fbtez au d\u00e9licieux pain brioch\u00e9 au KAMUT<sup>\u00ae <\/sup>de notre gamme \u00abKAMUT<sup>\u00ae <\/sup>de la <strong>Boulangerie In\u00e9wa<\/strong>\u00bb, c&rsquo;est l&rsquo;adopter! Sa texture et sa saveur rappelant celles de la brioche font le charme de tous les amoureux de pain, petits et grands. Fait \u00e0 base de farine de KAMUT<sup>\u00ae <\/sup>Combine pleasure and well-being with our grape bread from our \u201cBoulangerie In\u00e9wa active life\u201d range! Made with Kamut\u00ae, an ancient wheat variety certified organic by the brand, and without crossbreeding with modern wheat or genetic modification, it's sure to delight raisin bread lovers. Made with organic Canadian Kamut\u00ae flour.<\/p>","protected":false},"excerpt":{"rendered":"<p><strong>Weight:<\/strong> 500g<\/p>\n<p>Go\u00fbtez au d\u00e9licieux pain brioch\u00e9 au KAMUT<sup>\u00ae <\/sup>de notre gamme \u00abKAMUT<sup>\u00ae <\/sup>de la <strong>Boulangerie In\u00e9wa<\/strong>\u00bb, c&rsquo;est l&rsquo;adopter! Sa texture et sa saveur rappelant celles de la brioche font le charme de tous les amoureux de pain, petits et grands. Fait \u00e0 base de farine de KAMUT<sup>\u00ae <\/sup>Combine pleasure and well-being with our grape bread from our \u201cBoulangerie In\u00e9wa active life\u201d range! Made with Kamut\u00ae, an ancient wheat variety certified organic by the brand, and without crossbreeding with modern wheat or genetic modification, it's sure to delight raisin bread lovers. Made with organic Canadian Kamut\u00ae flour.<\/p>","protected":false},"featured_media":1757,"comment_status":"closed","ping_status":"closed","template":"","meta":{"_acf_changed":false,"site-sidebar-layout":"default","site-content-layout":"","ast-site-content-layout":"default","site-content-style":"default","site-sidebar-style":"default","ast-global-header-display":"","ast-banner-title-visibility":"","ast-main-header-display":"","ast-hfb-above-header-display":"","ast-hfb-below-header-display":"","ast-hfb-mobile-header-display":"","site-post-title":"","ast-breadcrumbs-content":"","ast-featured-img":"","footer-sml-layout":"","theme-transparent-header-meta":"default","adv-header-id-meta":"","stick-header-meta":"","header-above-stick-meta":"","header-main-stick-meta":"","header-below-stick-meta":"","astra-migrate-meta-layouts":"set","ast-page-background-enabled":"default","ast-page-background-meta":{"desktop":{"background-color":"var(--ast-global-color-4)","background-image":"","background-repeat":"repeat","background-position":"center center","background-size":"auto","background-attachment":"scroll","background-type":"","background-media":"","overlay-type":"","overlay-color":"","overlay-opacity":"","overlay-gradient":""},"tablet":{"background-color":"","background-image":"","background-repeat":"repeat","background-position":"center center","background-size":"auto","background-attachment":"scroll","background-type":"","background-media":"","overlay-type":"","overlay-color":"","overlay-opacity":"","overlay-gradient":""},"mobile":{"background-color":"","background-image":"","background-repeat":"repeat","background-position":"center center","background-size":"auto","background-attachment":"scroll","background-type":"","background-media":"","overlay-type":"","overlay-color":"","overlay-opacity":"","overlay-gradient":""}},"ast-content-background-meta":{"desktop":{"background-color":"var(--ast-global-color-5)","background-image":"","background-repeat":"repeat","background-position":"center center","background-size":"auto","background-attachment":"scroll","background-type":"","background-media":"","overlay-type":"","overlay-color":"","overlay-opacity":"","overlay-gradient":""},"tablet":{"background-color":"var(--ast-global-color-5)","background-image":"","background-repeat":"repeat","background-position":"center center","background-size":"auto","background-attachment":"scroll","background-type":"","background-media":"","overlay-type":"","overlay-color":"","overlay-opacity":"","overlay-gradient":""},"mobile":{"background-color":"var(--ast-global-color-5)","background-image":"","background-repeat":"repeat","background-position":"center center","background-size":"auto","background-attachment":"scroll","background-type":"","background-media":"","overlay-type":"","overlay-color":"","overlay-opacity":"","overlay-gradient":""}}},"product_brand":[],"product_cat":[16],"product_tag":[],"class_list":{"0":"post-16","1":"product","2":"type-product","3":"status-publish","4":"has-post-thumbnail","6":"product_cat-kamut","7":"desktop-align-left","8":"tablet-align-left","9":"mobile-align-left","11":"first","12":"instock","13":"shipping-taxable","14":"product-type-simple"},"acf":[],"_links":{"self":[{"href":"https:\/\/inewa.ca\/en\/wp-json\/wp\/v2\/product\/16","targetHints":{"allow":["GET"]}}],"collection":[{"href":"https:\/\/inewa.ca\/en\/wp-json\/wp\/v2\/product"}],"about":[{"href":"https:\/\/inewa.ca\/en\/wp-json\/wp\/v2\/types\/product"}],"replies":[{"embeddable":true,"href":"https:\/\/inewa.ca\/en\/wp-json\/wp\/v2\/comments?post=16"}],"wp:featuredmedia":[{"embeddable":true,"href":"https:\/\/inewa.ca\/en\/wp-json\/wp\/v2\/media\/1757"}],"wp:attachment":[{"href":"https:\/\/inewa.ca\/en\/wp-json\/wp\/v2\/media?parent=16"}],"wp:term":[{"taxonomy":"product_brand","embeddable":true,"href":"https:\/\/inewa.ca\/en\/wp-json\/wp\/v2\/product_brand?post=16"},{"taxonomy":"product_cat","embeddable":true,"href":"https:\/\/inewa.ca\/en\/wp-json\/wp\/v2\/product_cat?post=16"},{"taxonomy":"product_tag","embeddable":true,"href":"https:\/\/inewa.ca\/en\/wp-json\/wp\/v2\/product_tag?post=16"}],"curies":[{"name":"wp","href":"https:\/\/api.w.org\/{rel}","templated":true}]}}